{"id":74,"date":"2018-11-15T14:55:00","date_gmt":"2018-11-15T13:55:00","guid":{"rendered":"https:\/\/www.paysagesurbains.fr\/?page_id=74"},"modified":"2018-12-30T01:50:54","modified_gmt":"2018-12-30T00:50:54","slug":"bureau-detudes","status":"publish","type":"page","link":"https:\/\/www.paysagesurbains.fr\/index.php\/bureau-detudes\/","title":{"rendered":"Bureau d&rsquo;\u00e9tudes"},"content":{"rendered":"<p>[et_pb_section fb_built=\u00a0\u00bb1&Prime; _builder_version=\u00a0\u00bb3.0.47&Prime; custom_padding=\u00a0\u00bb0|0px|0|0px|false|false\u00a0\u00bb][et_pb_row custom_padding=\u00a0\u00bb0|0px|0|0px|false|false\u00a0\u00bb _builder_version=\u00a0\u00bb3.19&Prime;][et_pb_column type=\u00a0\u00bb4_4&Prime; _builder_version=\u00a0\u00bb3.19&Prime; parallax=\u00a0\u00bboff\u00a0\u00bb parallax_method=\u00a0\u00bbon\u00a0\u00bb][et_pb_divider show_divider=\u00a0\u00bboff\u00a0\u00bb _builder_version=\u00a0\u00bb3.19&Prime;][\/et_pb_divider][\/et_pb_column][\/et_pb_row][et_pb_row custom_padding=\u00a0\u00bb0|0px|27px|0px|false|false\u00a0\u00bb _builder_version=\u00a0\u00bb3.19&Prime;][et_pb_column type=\u00a0\u00bb4_4&Prime; _builder_version=\u00a0\u00bb3.19&Prime; parallax=\u00a0\u00bboff\u00a0\u00bb parallax_method=\u00a0\u00bbon\u00a0\u00bb][et_pb_image src=\u00a0\u00bbhttps:\/\/www.paysagesurbains.fr\/wp-content\/uploads\/PAYSAGES-URBAINS-logo-modif.png\u00a0\u00bb _builder_version=\u00a0\u00bb3.19&Prime;][\/et_pb_image][\/et_pb_column][\/et_pb_row][et_pb_row _builder_version=\u00a0\u00bb3.0.48&Prime; background_size=\u00a0\u00bbinitial\u00a0\u00bb background_position=\u00a0\u00bbtop_left\u00a0\u00bb background_repeat=\u00a0\u00bbrepeat\u00a0\u00bb][et_pb_column type=\u00a0\u00bb2_5&Prime; _builder_version=\u00a0\u00bb3.0.47&Prime; parallax=\u00a0\u00bboff\u00a0\u00bb parallax_method=\u00a0\u00bbon\u00a0\u00bb][et_pb_image src=\u00a0\u00bbhttps:\/\/www.paysagesurbains.fr\/wp-content\/uploads\/home-office-336373_1920-e1546130742999.jpg\u00a0\u00bb show_bottom_space=\u00a0\u00bboff\u00a0\u00bb always_center_on_mobile=\u00a0\u00bboff\u00a0\u00bb _builder_version=\u00a0\u00bb3.19.1&Prime; custom_margin=\u00a0\u00bb90px||\u00a0\u00bb][\/et_pb_image][\/et_pb_column][et_pb_column type=\u00a0\u00bb3_5&Prime; _builder_version=\u00a0\u00bb3.0.47&Prime; parallax=\u00a0\u00bboff\u00a0\u00bb parallax_method=\u00a0\u00bbon\u00a0\u00bb][et_pb_text _builder_version=\u00a0\u00bb3.17.6&Prime; inline_fonts=\u00a0\u00bbsamsung imagination\u00a0\u00bb]<\/p>\n<h2><span style=\"text-decoration: underline;\"><span style=\"font-family: 'samsung imagination';\">Le bureau d&rsquo;\u00e9tudes<\/span><\/span><\/h2>\n<p>La phase de <strong>conception<\/strong> est une des \u00e9tapes les plus importantes puisqu&rsquo;elle d\u00e9termine les bases de votre projet. Durant cette phase, nous allons pouvoir faire le point sur <strong>vos attentes<\/strong> et choisir les lignes directrices de votre futur jardin.<\/p>\n<p>Une premi\u00e8re rencontre sera n\u00e9cessaire pour faire un premier constat de votre espace \u00e0 am\u00e9nager. Un \u00e9tat des lieux sera donc effectu\u00e9 avec l&rsquo;organisation g\u00e9n\u00e9rale\u00a0les acc\u00e8s, de l&rsquo;environnement, des diff\u00e9rentes contraintes, des attentes esth\u00e9tiques et pratiques qui d\u00e9terminerons votre futur espace de vie.<\/p>\n<p>Nous vous accompagnons jusqu&rsquo;au projet d\u00e9finitif. Ce forfait est constitu\u00e9 de diff\u00e9rentes pi\u00e8ces formant un dossier d&rsquo;\u00e9tude. Il contient tout d&rsquo;abord un \u00e9tat des lieux, un plan de situation et plans d&rsquo;am\u00e9nagement. Des esquisses ou croquis sont \u00e9galement fournis. Une fois le projet valid\u00e9, plusieurs possibilit\u00e9s s&rsquo;offrent \u00e0 vous, soit vous r\u00e9aliser les travaux et dans ce cas il y a la possibilit\u00e9 d&rsquo;\u00eatre accompagn\u00e9 par\u00a0<span style=\"color: #65ab24;\"><strong>PAYSAGES URBAINS<\/strong><\/span>. Soit nous r\u00e9alisons les travaux d&rsquo;am\u00e9nagement.<\/p>\n<p><strong>Formules possibles :<\/strong><\/p>\n<p><strong>&#8211;\u00a0<a href=\"https:\/\/www.paysagesurbains.fr\/index.php\/paysagiste-lille-formules\/\">Formule Cr\u00e9ative<\/a><\/strong><\/p>\n<p><strong>&#8211;\u00a0<a href=\"https:\/\/www.paysagesurbains.fr\/index.php\/paysagiste-lille-formules\/\">Formule Zen\u00a0<\/a><\/strong><\/p>\n<p><strong><\/strong><\/p>\n<p><strong>Le\u00a0dossier contient les pi\u00e8ces suivantes\u00a0:<\/strong><\/p>\n<p>&#8211; R\u00e9alisation d&rsquo;un \u00e9tat des lieux<\/p>\n<p>&#8211; R\u00e9alisation de plans (plan de situation, plan d&rsquo;am\u00e9nagement, plan de plantation)<\/p>\n<p>&#8211; Esquisses manuels ou num\u00e9riques (dessins, photomontages&#8230;)<\/p>\n<p>&#8211; Liste des v\u00e9g\u00e9taux et des fournitures<\/p>\n<p>&#8211; Devis des travaux \u00e0 r\u00e9aliser<\/p>\n<p>[\/et_pb_text][\/et_pb_column][\/et_pb_row][et_pb_row custom_padding=\u00a0\u00bb0|0px|71px|0px|false|false\u00a0\u00bb _builder_version=\u00a0\u00bb3.0.48&Prime; background_size=\u00a0\u00bbinitial\u00a0\u00bb background_position=\u00a0\u00bbtop_left\u00a0\u00bb background_repeat=\u00a0\u00bbrepeat\u00a0\u00bb][et_pb_column type=\u00a0\u00bb1_5&Prime; _builder_version=\u00a0\u00bb3.0.47&Prime; parallax=\u00a0\u00bboff\u00a0\u00bb parallax_method=\u00a0\u00bbon\u00a0\u00bb][\/et_pb_column][et_pb_column type=\u00a0\u00bb3_5&Prime; _builder_version=\u00a0\u00bb3.0.47&Prime; parallax=\u00a0\u00bboff\u00a0\u00bb parallax_method=\u00a0\u00bbon\u00a0\u00bb][\/et_pb_column][et_pb_column type=\u00a0\u00bb1_5&Prime; _builder_version=\u00a0\u00bb3.0.47&Prime; parallax=\u00a0\u00bboff\u00a0\u00bb parallax_method=\u00a0\u00bbon\u00a0\u00bb][et_pb_button button_url=\u00a0\u00bbhttps:\/\/www.paysagesurbains.fr\/index.php\/devis\/?et_fb=1&Prime; button_text=\u00a0\u00bbDemande de devis\u00a0\u00bb button_alignment=\u00a0\u00bbcenter\u00a0\u00bb _builder_version=\u00a0\u00bb3.19&Prime; custom_button=\u00a0\u00bbon\u00a0\u00bb button_text_size=\u00a0\u00bb15px\u00a0\u00bb button_text_color=\u00a0\u00bb#FFFFFF\u00a0\u00bb button_bg_color=\u00a0\u00bb#65ab24&Prime; button_border_width=\u00a0\u00bb0px\u00a0\u00bb button_border_radius=\u00a0\u00bb0px\u00a0\u00bb button_letter_spacing=\u00a0\u00bb0px\u00a0\u00bb button_font=\u00a0\u00bb|600|||||||\u00a0\u00bb button_use_icon=\u00a0\u00bboff\u00a0\u00bb][\/et_pb_button][\/et_pb_column][\/et_pb_row][\/et_pb_section][et_pb_section fb_built=\u00a0\u00bb1&Prime; _builder_version=\u00a0\u00bb3.19.1&Prime; background_image=\u00a0\u00bbhttps:\/\/www.paysagesurbains.fr\/wp-content\/uploads\/bas-de-page-gazon-modif.png\u00a0\u00bb custom_padding=\u00a0\u00bb99px|0px|54px|0px|false|false\u00a0\u00bb][et_pb_row _builder_version=\u00a0\u00bb3.19&Prime;][et_pb_column type=\u00a0\u00bb4_4&Prime; _builder_version=\u00a0\u00bb3.0.47&Prime; parallax=\u00a0\u00bboff\u00a0\u00bb parallax_method=\u00a0\u00bbon\u00a0\u00bb][et_pb_divider show_divider=\u00a0\u00bboff\u00a0\u00bb _builder_version=\u00a0\u00bb3.19&Prime;][\/et_pb_divider][\/et_pb_column][\/et_pb_row][\/et_pb_section][et_pb_section fb_built=\u00a0\u00bb1&Prime; _builder_version=\u00a0\u00bb3.17.6&Prime; background_color=\u00a0\u00bb#65ab24&Prime; custom_padding=\u00a0\u00bb0|0px|12px|0px|false|false\u00a0\u00bb global_module=\u00a0\u00bb176&Prime;][et_pb_row custom_padding=\u00a0\u00bb0|0px|0|0px|false|false\u00a0\u00bb _builder_version=\u00a0\u00bb3.17.6&Prime; background_color=\u00a0\u00bb#65ab24&Prime; background_size=\u00a0\u00bbinitial\u00a0\u00bb background_position=\u00a0\u00bbtop_left\u00a0\u00bb background_repeat=\u00a0\u00bbrepeat\u00a0\u00bb][et_pb_column type=\u00a0\u00bb1_2&Prime; _builder_version=\u00a0\u00bb3.0.47&Prime; parallax=\u00a0\u00bboff\u00a0\u00bb parallax_method=\u00a0\u00bbon\u00a0\u00bb][et_pb_text admin_label=\u00a0\u00bbCoordonn\u00e9es\u00a0\u00bb _builder_version=\u00a0\u00bb3.17.6&Prime; inline_fonts=\u00a0\u00bbstencil\u00a0\u00bb]<\/p>\n<p><span style=\"font-family: stencil; font-weight: normal; font-size: xx-large; color: #f9f9f9;\"><strong><\/strong><\/span><\/p>\n<p><span style=\"font-family: stencil; font-weight: normal; font-size: xx-large; color: #f9f9f9;\"><strong>PAYSAGES URBAINS<\/strong><\/span><\/p>\n<p><span style=\"color: #ffffff; font-size: 16px;\"><\/span><\/p>\n<p><span style=\"color: #ffffff; font-size: 16px;\">contact@paysagesurbains.fr<\/span><\/p>\n<p><span style=\"color: #ffffff;\">07.68.28.68.45<\/span><\/p>\n<p><span style=\"color: #ffffff;\">Du lundi au samedi<\/span><\/p>\n<p><span style=\"color: #ffffff;\">Siret 820 011 260 00024<\/span><\/p>\n<p><a href=\"https:\/\/www.paysagesurbains.fr\/index.php\/mentions-legales\/\"><span style=\"color: #ffffff;\">Mentions l\u00e9gales<\/span><\/a><\/p>\n<p><a href=\"https:\/\/www.paysagesurbains.fr\/index.php\/politique-de-confidentialite\/\"><span style=\"color: #ffffff;\">Politiques de confidentialit\u00e9s<\/span><\/a><\/p>\n<p><span style=\"color: #ffffff;\">\u00a0<\/span><\/p>\n<p>[\/et_pb_text][\/et_pb_column][et_pb_column type=\u00a0\u00bb1_2&Prime; _builder_version=\u00a0\u00bb3.0.47&Prime; parallax=\u00a0\u00bboff\u00a0\u00bb parallax_method=\u00a0\u00bbon\u00a0\u00bb][et_pb_contact_form email=\u00a0\u00bbcontact@paysagesurbains.fr\u00a0\u00bb title=\u00a0\u00bbContactez-nous\u00a0\u00bb success_message=\u00a0\u00bbMessage envoy\u00e9, nous vous r\u00e9pondrons dans les plus brefs d\u00e9lais.\u00a0\u00bb submit_button_text=\u00a0\u00bbEnvoyer\u00a0\u00bb form_background_color=\u00a0\u00bb#ffffff\u00a0\u00bb module_id=\u00a0\u00bbet_pb_contact_form_0&Prime; _builder_version=\u00a0\u00bb3.19.1&Prime; title_text_color=\u00a0\u00bb#ffffff\u00a0\u00bb title_font_size=\u00a0\u00bb19px\u00a0\u00bb form_field_font=\u00a0\u00bbsamsung imagination||||||||\u00a0\u00bb form_field_text_color=\u00a0\u00bb#818181&Prime; form_field_font_size=\u00a0\u00bb15px\u00a0\u00bb form_field_line_height=\u00a0\u00bb1.1em\u00a0\u00bb custom_button=\u00a0\u00bbon\u00a0\u00bb button_text_size=\u00a0\u00bb15px\u00a0\u00bb button_text_color=\u00a0\u00bb#ffffff\u00a0\u00bb button_font=\u00a0\u00bbsamsung imagination||||||||\u00a0\u00bb button_use_icon=\u00a0\u00bboff\u00a0\u00bb custom_margin=\u00a0\u00bb||\u00a0\u00bb][et_pb_contact_field field_id=\u00a0\u00bbName\u00a0\u00bb field_title=\u00a0\u00bbNom\u00a0\u00bb _builder_version=\u00a0\u00bb3.17.6&Prime; border_radii=\u00a0\u00bbon||||\u00a0\u00bb button_text_size__hover_enabled=\u00a0\u00bboff\u00a0\u00bb button_one_text_size__hover_enabled=\u00a0\u00bboff\u00a0\u00bb button_two_text_size__hover_enabled=\u00a0\u00bboff\u00a0\u00bb button_text_color__hover_enabled=\u00a0\u00bboff\u00a0\u00bb button_one_text_color__hover_enabled=\u00a0\u00bboff\u00a0\u00bb button_two_text_color__hover_enabled=\u00a0\u00bboff\u00a0\u00bb button_border_width__hover_enabled=\u00a0\u00bboff\u00a0\u00bb button_one_border_width__hover_enabled=\u00a0\u00bboff\u00a0\u00bb button_two_border_width__hover_enabled=\u00a0\u00bboff\u00a0\u00bb button_border_color__hover_enabled=\u00a0\u00bboff\u00a0\u00bb button_one_border_color__hover_enabled=\u00a0\u00bboff\u00a0\u00bb button_two_border_color__hover_enabled=\u00a0\u00bboff\u00a0\u00bb button_border_radius__hover_enabled=\u00a0\u00bboff\u00a0\u00bb button_one_border_radius__hover_enabled=\u00a0\u00bboff\u00a0\u00bb button_two_border_radius__hover_enabled=\u00a0\u00bboff\u00a0\u00bb button_letter_spacing__hover_enabled=\u00a0\u00bboff\u00a0\u00bb button_one_letter_spacing__hover_enabled=\u00a0\u00bboff\u00a0\u00bb button_two_letter_spacing__hover_enabled=\u00a0\u00bboff\u00a0\u00bb button_bg_color__hover_enabled=\u00a0\u00bboff\u00a0\u00bb button_one_bg_color__hover_enabled=\u00a0\u00bboff\u00a0\u00bb button_two_bg_color__hover_enabled=\u00a0\u00bboff\u00a0\u00bb][\/et_pb_contact_field][et_pb_contact_field field_id=\u00a0\u00bbEmail\u00a0\u00bb field_title=\u00a0\u00bbAdresse e-mail\u00a0\u00bb field_type=\u00a0\u00bbemail\u00a0\u00bb _builder_version=\u00a0\u00bb3.17.6&Prime; border_radii=\u00a0\u00bbon||||\u00a0\u00bb button_text_size__hover_enabled=\u00a0\u00bboff\u00a0\u00bb button_one_text_size__hover_enabled=\u00a0\u00bboff\u00a0\u00bb button_two_text_size__hover_enabled=\u00a0\u00bboff\u00a0\u00bb button_text_color__hover_enabled=\u00a0\u00bboff\u00a0\u00bb button_one_text_color__hover_enabled=\u00a0\u00bboff\u00a0\u00bb button_two_text_color__hover_enabled=\u00a0\u00bboff\u00a0\u00bb button_border_width__hover_enabled=\u00a0\u00bboff\u00a0\u00bb button_one_border_width__hover_enabled=\u00a0\u00bboff\u00a0\u00bb button_two_border_width__hover_enabled=\u00a0\u00bboff\u00a0\u00bb button_border_color__hover_enabled=\u00a0\u00bboff\u00a0\u00bb button_one_border_color__hover_enabled=\u00a0\u00bboff\u00a0\u00bb button_two_border_color__hover_enabled=\u00a0\u00bboff\u00a0\u00bb button_border_radius__hover_enabled=\u00a0\u00bboff\u00a0\u00bb button_one_border_radius__hover_enabled=\u00a0\u00bboff\u00a0\u00bb button_two_border_radius__hover_enabled=\u00a0\u00bboff\u00a0\u00bb button_letter_spacing__hover_enabled=\u00a0\u00bboff\u00a0\u00bb button_one_letter_spacing__hover_enabled=\u00a0\u00bboff\u00a0\u00bb button_two_letter_spacing__hover_enabled=\u00a0\u00bboff\u00a0\u00bb button_bg_color__hover_enabled=\u00a0\u00bboff\u00a0\u00bb button_one_bg_color__hover_enabled=\u00a0\u00bboff\u00a0\u00bb button_two_bg_color__hover_enabled=\u00a0\u00bboff\u00a0\u00bb][\/et_pb_contact_field][et_pb_contact_field field_id=\u00a0\u00bbMessage\u00a0\u00bb field_title=\u00a0\u00bbMessage\u00a0\u00bb field_type=\u00a0\u00bbtext\u00a0\u00bb fullwidth_field=\u00a0\u00bbon\u00a0\u00bb _builder_version=\u00a0\u00bb3.17.6&Prime; border_radii=\u00a0\u00bbon||||\u00a0\u00bb button_text_size__hover_enabled=\u00a0\u00bboff\u00a0\u00bb button_one_text_size__hover_enabled=\u00a0\u00bboff\u00a0\u00bb button_two_text_size__hover_enabled=\u00a0\u00bboff\u00a0\u00bb button_text_color__hover_enabled=\u00a0\u00bboff\u00a0\u00bb button_one_text_color__hover_enabled=\u00a0\u00bboff\u00a0\u00bb button_two_text_color__hover_enabled=\u00a0\u00bboff\u00a0\u00bb button_border_width__hover_enabled=\u00a0\u00bboff\u00a0\u00bb button_one_border_width__hover_enabled=\u00a0\u00bboff\u00a0\u00bb button_two_border_width__hover_enabled=\u00a0\u00bboff\u00a0\u00bb button_border_color__hover_enabled=\u00a0\u00bboff\u00a0\u00bb button_one_border_color__hover_enabled=\u00a0\u00bboff\u00a0\u00bb button_two_border_color__hover_enabled=\u00a0\u00bboff\u00a0\u00bb button_border_radius__hover_enabled=\u00a0\u00bboff\u00a0\u00bb button_one_border_radius__hover_enabled=\u00a0\u00bboff\u00a0\u00bb button_two_border_radius__hover_enabled=\u00a0\u00bboff\u00a0\u00bb button_letter_spacing__hover_enabled=\u00a0\u00bboff\u00a0\u00bb button_one_letter_spacing__hover_enabled=\u00a0\u00bboff\u00a0\u00bb button_two_letter_spacing__hover_enabled=\u00a0\u00bboff\u00a0\u00bb button_bg_color__hover_enabled=\u00a0\u00bboff\u00a0\u00bb button_one_bg_color__hover_enabled=\u00a0\u00bboff\u00a0\u00bb button_two_bg_color__hover_enabled=\u00a0\u00bboff\u00a0\u00bb][\/et_pb_contact_field][\/et_pb_contact_form][\/et_pb_column][\/et_pb_row][\/et_pb_section]<\/p>\n","protected":false},"excerpt":{"rendered":"<p>Le bureau d&rsquo;\u00e9tudes La phase de conception est une des \u00e9tapes les plus importantes puisqu&rsquo;elle d\u00e9termine les bases de votre projet. Durant cette phase, nous allons pouvoir faire le point sur vos attentes et choisir les lignes directrices de votre futur jardin. Une premi\u00e8re rencontre sera n\u00e9cessaire pour faire un premier constat de votre espace [&hellip;]<\/p>\n","protected":false},"author":2,"featured_media":0,"parent":0,"menu_order":0,"comment_status":"closed","ping_status":"closed","template":"","meta":{"_et_pb_use_builder":"on","_et_pb_old_content":"<h3><strong>Le bureau d'\u00e9tudes<\/strong><\/h3><p>La phase de conception est une des \u00e9tapes les plus importantes puisqu'elle d\u00e9termine les bases de votre projet. Durant cette phase, nous allons pouvoir faire le point sur vos attentes et choisir les lignes directrices de votre futur jardin.<\/p><p>Une premi\u00e8re rencontre sera n\u00e9cessaire pour faire un premier constat de votre espace \u00e0 am\u00e9nager. Un \u00e9tat des lieux sera donc effectu\u00e9 avec l'organisation g\u00e9n\u00e9rale\u00a0les acc\u00e8s, de l'environnement, des diff\u00e9rentes contraintes, des attentes esth\u00e9tiques et pratiques qui d\u00e9terminerons votre futur espace de vie.<\/p><p>Nous vous accompagnons jusqu'au projet d\u00e9finitif. Ce forfait est constitu\u00e9 de diff\u00e9rentes pi\u00e8ces formant un dossier d'\u00e9tude. Il contient tout d'abord un \u00e9tat des lieux, un plan de situation et plans d'am\u00e9nagement. Des esquisses ou croquis sont \u00e9galement fournis. Une fois le projet valid\u00e9, plusieurs possibilit\u00e9s s'offrent \u00e0 vous, soit vous r\u00e9aliser les travaux et dans ce cas il y a la possibilit\u00e9 d'\u00eatre accompagn\u00e9 par\u00a0<strong>PAYSAGES URBAINS<\/strong>. Soit nous r\u00e9alisons les travaux d'am\u00e9nagement.<\/p><p><strong>Formules possibles :<\/strong><\/p><p><strong>-\u00a0<a href=\"https:\/\/www.paysagesurbains.fr\/index.php\/paysagiste-lille-formules\/\">Formule Cr\u00e9ative<\/a><\/strong><\/p><p><strong>-\u00a0<a href=\"https:\/\/www.paysagesurbains.fr\/index.php\/paysagiste-lille-formules\/\">Formule Zen\u00a0<\/a><\/strong><\/p><p><strong>Le\u00a0dossier contient les pi\u00e8ces suivantes\u00a0:<\/strong><\/p><p>- R\u00e9alisation d'un \u00e9tat des lieux<\/p><p>- R\u00e9alisation de plans (plan de situation, plan d'am\u00e9nagement, plan de plantation)<\/p><p>- Esquisses manuels ou num\u00e9riques (dessins, photomontages...)<\/p><p>- Liste des v\u00e9g\u00e9taux et des fournitures<\/p><p>- Devis des travaux \u00e0 r\u00e9aliser<\/p>","_et_gb_content_width":""},"yoast_head":"<!-- This site is optimized with the Yoast SEO plugin v21.1 - https:\/\/yoast.com\/wordpress\/plugins\/seo\/ -->\n<title>Bureau d&#039;\u00e9tudes - Paysages Urbains - Paysagiste - Jardinier - Lille<\/title>\n<meta name=\"description\" content=\"Nous concevons ensemble votre projet d&#039;am\u00e9nagement paysager. A vous ensuite de le r\u00e9aliser ou nous le r\u00e9alisons \u00e0 votre place.\" \/>\n<meta name=\"robots\" content=\"index, follow, max-snippet:-1, max-image-preview:large, max-video-preview:-1\" \/>\n<link rel=\"canonical\" href=\"https:\/\/www.paysagesurbains.fr\/index.php\/bureau-detudes\/\" \/>\n<meta property=\"og:locale\" content=\"fr_FR\" \/>\n<meta property=\"og:type\" content=\"article\" \/>\n<meta property=\"og:title\" content=\"Bureau d&#039;\u00e9tudes - Paysages Urbains - Paysagiste - Jardinier - Lille\" \/>\n<meta property=\"og:description\" content=\"Nous concevons ensemble votre projet d&#039;am\u00e9nagement paysager. A vous ensuite de le r\u00e9aliser ou nous le r\u00e9alisons \u00e0 votre place.\" \/>\n<meta property=\"og:url\" content=\"https:\/\/www.paysagesurbains.fr\/index.php\/bureau-detudes\/\" \/>\n<meta property=\"og:site_name\" content=\"Paysages Urbains\" \/>\n<meta property=\"article:publisher\" content=\"https:\/\/www.facebook.com\/PAYSAGESURBAINS\/\" \/>\n<meta property=\"article:modified_time\" content=\"2018-12-30T00:50:54+00:00\" \/>\n<meta name=\"twitter:card\" content=\"summary_large_image\" \/>\n<meta name=\"twitter:label1\" content=\"Dur\u00e9e de lecture estim\u00e9e\" \/>\n\t<meta name=\"twitter:data1\" content=\"7 minutes\" \/>\n<script type=\"application\/ld+json\" class=\"yoast-schema-graph\">{\"@context\":\"https:\/\/schema.org\",\"@graph\":[{\"@type\":\"WebPage\",\"@id\":\"https:\/\/www.paysagesurbains.fr\/index.php\/bureau-detudes\/\",\"url\":\"https:\/\/www.paysagesurbains.fr\/index.php\/bureau-detudes\/\",\"name\":\"Bureau d'\u00e9tudes - Paysages Urbains - Paysagiste - Jardinier - Lille\",\"isPartOf\":{\"@id\":\"https:\/\/www.paysagesurbains.fr\/#website\"},\"datePublished\":\"2018-11-15T13:55:00+00:00\",\"dateModified\":\"2018-12-30T00:50:54+00:00\",\"description\":\"Nous concevons ensemble votre projet d'am\u00e9nagement paysager. A vous ensuite de le r\u00e9aliser ou nous le r\u00e9alisons \u00e0 votre place.\",\"breadcrumb\":{\"@id\":\"https:\/\/www.paysagesurbains.fr\/index.php\/bureau-detudes\/#breadcrumb\"},\"inLanguage\":\"fr-FR\",\"potentialAction\":[{\"@type\":\"ReadAction\",\"target\":[\"https:\/\/www.paysagesurbains.fr\/index.php\/bureau-detudes\/\"]}]},{\"@type\":\"BreadcrumbList\",\"@id\":\"https:\/\/www.paysagesurbains.fr\/index.php\/bureau-detudes\/#breadcrumb\",\"itemListElement\":[{\"@type\":\"ListItem\",\"position\":1,\"name\":\"Home\",\"item\":\"https:\/\/www.paysagesurbains.fr\/\"},{\"@type\":\"ListItem\",\"position\":2,\"name\":\"Bureau d&rsquo;\u00e9tudes\"}]},{\"@type\":\"WebSite\",\"@id\":\"https:\/\/www.paysagesurbains.fr\/#website\",\"url\":\"https:\/\/www.paysagesurbains.fr\/\",\"name\":\"Paysages Urbains\",\"description\":\"Donnez de la hauteur \u00e0 votre jardin\",\"publisher\":{\"@id\":\"https:\/\/www.paysagesurbains.fr\/#organization\"},\"potentialAction\":[{\"@type\":\"SearchAction\",\"target\":{\"@type\":\"EntryPoint\",\"urlTemplate\":\"https:\/\/www.paysagesurbains.fr\/?s={search_term_string}\"},\"query-input\":\"required name=search_term_string\"}],\"inLanguage\":\"fr-FR\"},{\"@type\":\"Organization\",\"@id\":\"https:\/\/www.paysagesurbains.fr\/#organization\",\"name\":\"Paysages Urbains\",\"url\":\"https:\/\/www.paysagesurbains.fr\/\",\"logo\":{\"@type\":\"ImageObject\",\"inLanguage\":\"fr-FR\",\"@id\":\"https:\/\/www.paysagesurbains.fr\/#\/schema\/logo\/image\/\",\"url\":\"https:\/\/www.paysagesurbains.fr\/wp-content\/uploads\/Paysages-urbains-paysagiste-lille.png\",\"contentUrl\":\"https:\/\/www.paysagesurbains.fr\/wp-content\/uploads\/Paysages-urbains-paysagiste-lille.png\",\"width\":1000,\"height\":882,\"caption\":\"Paysages Urbains\"},\"image\":{\"@id\":\"https:\/\/www.paysagesurbains.fr\/#\/schema\/logo\/image\/\"},\"sameAs\":[\"https:\/\/www.facebook.com\/PAYSAGESURBAINS\/\"]}]}<\/script>\n<!-- \/ Yoast SEO plugin. -->","yoast_head_json":{"title":"Bureau d'\u00e9tudes - Paysages Urbains - Paysagiste - Jardinier - Lille","description":"Nous concevons ensemble votre projet d'am\u00e9nagement paysager. A vous ensuite de le r\u00e9aliser ou nous le r\u00e9alisons \u00e0 votre place.","robots":{"index":"index","follow":"follow","max-snippet":"max-snippet:-1","max-image-preview":"max-image-preview:large","max-video-preview":"max-video-preview:-1"},"canonical":"https:\/\/www.paysagesurbains.fr\/index.php\/bureau-detudes\/","og_locale":"fr_FR","og_type":"article","og_title":"Bureau d'\u00e9tudes - Paysages Urbains - Paysagiste - Jardinier - Lille","og_description":"Nous concevons ensemble votre projet d'am\u00e9nagement paysager. A vous ensuite de le r\u00e9aliser ou nous le r\u00e9alisons \u00e0 votre place.","og_url":"https:\/\/www.paysagesurbains.fr\/index.php\/bureau-detudes\/","og_site_name":"Paysages Urbains","article_publisher":"https:\/\/www.facebook.com\/PAYSAGESURBAINS\/","article_modified_time":"2018-12-30T00:50:54+00:00","twitter_card":"summary_large_image","twitter_misc":{"Dur\u00e9e de lecture estim\u00e9e":"7 minutes"},"schema":{"@context":"https:\/\/schema.org","@graph":[{"@type":"WebPage","@id":"https:\/\/www.paysagesurbains.fr\/index.php\/bureau-detudes\/","url":"https:\/\/www.paysagesurbains.fr\/index.php\/bureau-detudes\/","name":"Bureau d'\u00e9tudes - Paysages Urbains - Paysagiste - Jardinier - Lille","isPartOf":{"@id":"https:\/\/www.paysagesurbains.fr\/#website"},"datePublished":"2018-11-15T13:55:00+00:00","dateModified":"2018-12-30T00:50:54+00:00","description":"Nous concevons ensemble votre projet d'am\u00e9nagement paysager. A vous ensuite de le r\u00e9aliser ou nous le r\u00e9alisons \u00e0 votre place.","breadcrumb":{"@id":"https:\/\/www.paysagesurbains.fr\/index.php\/bureau-detudes\/#breadcrumb"},"inLanguage":"fr-FR","potentialAction":[{"@type":"ReadAction","target":["https:\/\/www.paysagesurbains.fr\/index.php\/bureau-detudes\/"]}]},{"@type":"BreadcrumbList","@id":"https:\/\/www.paysagesurbains.fr\/index.php\/bureau-detudes\/#breadcrumb","itemListElement":[{"@type":"ListItem","position":1,"name":"Home","item":"https:\/\/www.paysagesurbains.fr\/"},{"@type":"ListItem","position":2,"name":"Bureau d&rsquo;\u00e9tudes"}]},{"@type":"WebSite","@id":"https:\/\/www.paysagesurbains.fr\/#website","url":"https:\/\/www.paysagesurbains.fr\/","name":"Paysages Urbains","description":"Donnez de la hauteur \u00e0 votre jardin","publisher":{"@id":"https:\/\/www.paysagesurbains.fr\/#organization"},"potentialAction":[{"@type":"SearchAction","target":{"@type":"EntryPoint","urlTemplate":"https:\/\/www.paysagesurbains.fr\/?s={search_term_string}"},"query-input":"required name=search_term_string"}],"inLanguage":"fr-FR"},{"@type":"Organization","@id":"https:\/\/www.paysagesurbains.fr\/#organization","name":"Paysages Urbains","url":"https:\/\/www.paysagesurbains.fr\/","logo":{"@type":"ImageObject","inLanguage":"fr-FR","@id":"https:\/\/www.paysagesurbains.fr\/#\/schema\/logo\/image\/","url":"https:\/\/www.paysagesurbains.fr\/wp-content\/uploads\/Paysages-urbains-paysagiste-lille.png","contentUrl":"https:\/\/www.paysagesurbains.fr\/wp-content\/uploads\/Paysages-urbains-paysagiste-lille.png","width":1000,"height":882,"caption":"Paysages Urbains"},"image":{"@id":"https:\/\/www.paysagesurbains.fr\/#\/schema\/logo\/image\/"},"sameAs":["https:\/\/www.facebook.com\/PAYSAGESURBAINS\/"]}]}},"_links":{"self":[{"href":"https:\/\/www.paysagesurbains.fr\/index.php\/wp-json\/wp\/v2\/pages\/74"}],"collection":[{"href":"https:\/\/www.paysagesurbains.fr\/index.php\/wp-json\/wp\/v2\/pages"}],"about":[{"href":"https:\/\/www.paysagesurbains.fr\/index.php\/wp-json\/wp\/v2\/types\/page"}],"author":[{"embeddable":true,"href":"https:\/\/www.paysagesurbains.fr\/index.php\/wp-json\/wp\/v2\/users\/2"}],"replies":[{"embeddable":true,"href":"https:\/\/www.paysagesurbains.fr\/index.php\/wp-json\/wp\/v2\/comments?post=74"}],"version-history":[{"count":21,"href":"https:\/\/www.paysagesurbains.fr\/index.php\/wp-json\/wp\/v2\/pages\/74\/revisions"}],"predecessor-version":[{"id":555,"href":"https:\/\/www.paysagesurbains.fr\/index.php\/wp-json\/wp\/v2\/pages\/74\/revisions\/555"}],"wp:attachment":[{"href":"https:\/\/www.paysagesurbains.fr\/index.php\/wp-json\/wp\/v2\/media?parent=74"}],"curies":[{"name":"wp","href":"https:\/\/api.w.org\/{rel}","templated":true}]}}