{"id":78,"date":"2018-11-15T15:00:00","date_gmt":"2018-11-15T14:00:00","guid":{"rendered":"https:\/\/www.paysagesurbains.fr\/?page_id=78"},"modified":"2022-11-16T12:29:26","modified_gmt":"2022-11-16T11:29:26","slug":"amenagement-paysager","status":"publish","type":"page","link":"https:\/\/www.paysagesurbains.fr\/index.php\/amenagement-paysager\/","title":{"rendered":"Am\u00e9nagement paysager"},"content":{"rendered":"\n[et_pb_section fb_built=\u00a0\u00bb1&Prime; _builder_version=\u00a0\u00bb3.0.47&Prime; custom_padding=\u00a0\u00bb10px|0px|0|0px|false|false\u00a0\u00bb][et_pb_row custom_padding=\u00a0\u00bb0|0px|0|0px|false|false\u00a0\u00bb _builder_version=\u00a0\u00bb3.19&Prime;][et_pb_column type=\u00a0\u00bb4_4&Prime; _builder_version=\u00a0\u00bb3.19&Prime; parallax=\u00a0\u00bboff\u00a0\u00bb parallax_method=\u00a0\u00bbon\u00a0\u00bb][et_pb_divider show_divider=\u00a0\u00bboff\u00a0\u00bb admin_label=\u00a0\u00bbS\u00e9parateur\u00a0\u00bb _builder_version=\u00a0\u00bb3.19&Prime;][\/et_pb_divider][\/et_pb_column][\/et_pb_row][et_pb_row custom_padding=\u00a0\u00bb0|0px|70px|0px|false|false\u00a0\u00bb admin_label=\u00a0\u00bbLigne\u00a0\u00bb _builder_version=\u00a0\u00bb3.19&Prime;][et_pb_column type=\u00a0\u00bb4_4&Prime; _builder_version=\u00a0\u00bb3.19&Prime; parallax=\u00a0\u00bboff\u00a0\u00bb parallax_method=\u00a0\u00bbon\u00a0\u00bb][et_pb_image src=\u00a0\u00bbhttps:\/\/www.paysagesurbains.fr\/wp-content\/uploads\/PAYSAGES-URBAINS-logo-modif.png\u00a0\u00bb _builder_version=\u00a0\u00bb3.19&Prime;][\/et_pb_image][\/et_pb_column][\/et_pb_row][et_pb_row custom_padding=\u00a0\u00bb2px|0px|0|0px|false|false\u00a0\u00bb _builder_version=\u00a0\u00bb3.0.48&Prime; background_size=\u00a0\u00bbinitial\u00a0\u00bb background_position=\u00a0\u00bbtop_left\u00a0\u00bb background_repeat=\u00a0\u00bbrepeat\u00a0\u00bb][et_pb_column type=\u00a0\u00bb2_5&Prime; _builder_version=\u00a0\u00bb3.0.47&Prime; parallax=\u00a0\u00bboff\u00a0\u00bb parallax_method=\u00a0\u00bbon\u00a0\u00bb][et_pb_image src=\u00a0\u00bbhttps:\/\/www.paysagesurbains.fr\/wp-content\/uploads\/wheelbarrow-1232408_1920-Copie-e1546131901825.jpg\u00a0\u00bb _builder_version=\u00a0\u00bb3.19.1&Prime; custom_margin=\u00a0\u00bb96px||\u00a0\u00bb max_width=\u00a0\u00bb93%\u00a0\u00bb][\/et_pb_image][\/et_pb_column][et_pb_column type=\u00a0\u00bb3_5&Prime; _builder_version=\u00a0\u00bb3.0.47&Prime; parallax=\u00a0\u00bboff\u00a0\u00bb parallax_method=\u00a0\u00bbon\u00a0\u00bb][et_pb_text _builder_version=\u00a0\u00bb3.0.74&Prime; background_size=\u00a0\u00bbinitial\u00a0\u00bb background_position=\u00a0\u00bbtop_left\u00a0\u00bb background_repeat=\u00a0\u00bbrepeat\u00a0\u00bb inline_fonts=\u00a0\u00bbsamsung imagination\u00a0\u00bb]<h2><span style=\"text-decoration: underline;\"><span style=\"font-family: 'samsung imagination'; font-weight: normal;\">Am\u00e9nagement Paysager<\/span><\/span><\/h2>\n<p><span style=\"color: #65ab24;\"><strong><\/strong><\/span><\/p>\n<p style=\"text-align: justify;\"><span style=\"color: #65ab24;\"><strong>PAYSAGES URBAINS<\/strong><\/span>\u00a0s&rsquo;occupe \u00e9galement de la cr\u00e9ation de\u00a0jardins. Nous sommes sp\u00e9cialis\u00e9s dans l&rsquo;am\u00e9nagement de jardins de tailles r\u00e9duites, de type urbain. Dans la mesure du possible, nous faisons des jardins de plus grandes tailles.<\/p>\n<p style=\"text-align: justify;\">Les services propos\u00e9s sont la\u00a0<strong>plantation<\/strong>,\u00a0<strong>l&rsquo;engazonnement<\/strong>, la r\u00e9alisation de\u00a0<strong>cheminement\u00a0<\/strong>(all\u00e9e, pas japonais&#8230;) et la pose de\u00a0<strong>bordures<\/strong>,\u00a0la mise en place de\u00a0<strong>murets en pierre s\u00e8che<\/strong>,\u00a0<strong>cl\u00f4tures<\/strong>,\u00a0<strong>terrasses\u00a0<\/strong>en bois, pavage et dallage&#8230;<\/p>\n<p style=\"text-align: justify;\">II est n\u00e9cessaire de favoriser la\u00a0<strong>biodiversit\u00e9\u00a0<\/strong>au jardin. Pour\u00a0se faire, nous pouvons mettre en place diff\u00e9rents g\u00eetes, comme des\u00a0<strong>h\u00f4tels \u00e0 insectes<\/strong>, ou encore des\u00a0<strong>nichoirs<\/strong>. Nous pouvons \u00e9galement r\u00e9aliser gratuitement\u00a0l&rsquo;\u00e9tude de faisabilit\u00e9 de la mise en place de ruches avec un apiculteur agr\u00e9\u00e9.<\/p>\n<p>&nbsp;<\/p>\n<p><strong>Formules possibles :<\/strong><\/p>\n<p><strong>&#8211;\u00a0<a href=\"https:\/\/www.paysagesurbains.fr\/index.php\/paysagiste-lille-formules\/\">Formule Cr\u00e9ative<\/a><\/strong><\/p>\n<p><strong>&#8211;\u00a0<a href=\"https:\/\/www.paysagesurbains.fr\/index.php\/paysagiste-lille-formules\/\">Formule Zen<\/a><\/strong><\/p>\n<p><strong><\/strong><\/p>\n<p>&nbsp;<\/p>[\/et_pb_text][\/et_pb_column][\/et_pb_row][et_pb_row custom_padding=\u00a0\u00bb0|0px|70px|0px|false|false\u00a0\u00bb _builder_version=\u00a0\u00bb3.0.48&Prime; background_size=\u00a0\u00bbinitial\u00a0\u00bb background_position=\u00a0\u00bbtop_left\u00a0\u00bb background_repeat=\u00a0\u00bbrepeat\u00a0\u00bb][et_pb_column type=\u00a0\u00bb1_5&Prime; _builder_version=\u00a0\u00bb3.0.47&Prime; parallax=\u00a0\u00bboff\u00a0\u00bb parallax_method=\u00a0\u00bbon\u00a0\u00bb][\/et_pb_column][et_pb_column type=\u00a0\u00bb3_5&Prime; _builder_version=\u00a0\u00bb3.0.47&Prime; parallax=\u00a0\u00bboff\u00a0\u00bb parallax_method=\u00a0\u00bbon\u00a0\u00bb][\/et_pb_column][et_pb_column type=\u00a0\u00bb1_5&Prime; _builder_version=\u00a0\u00bb3.0.47&Prime; parallax=\u00a0\u00bboff\u00a0\u00bb parallax_method=\u00a0\u00bbon\u00a0\u00bb][et_pb_button button_url=\u00a0\u00bbhttps:\/\/www.paysagesurbains.fr\/index.php\/devis\/?et_fb=1&Prime; button_text=\u00a0\u00bbDemande de devis\u00a0\u00bb button_alignment=\u00a0\u00bbcenter\u00a0\u00bb _builder_version=\u00a0\u00bb3.19&Prime; custom_button=\u00a0\u00bbon\u00a0\u00bb button_text_size=\u00a0\u00bb15px\u00a0\u00bb button_text_color=\u00a0\u00bb#FFFFFF\u00a0\u00bb button_bg_color=\u00a0\u00bb#65ab24&Prime; button_border_width=\u00a0\u00bb0px\u00a0\u00bb button_border_radius=\u00a0\u00bb0px\u00a0\u00bb button_letter_spacing=\u00a0\u00bb0px\u00a0\u00bb button_font=\u00a0\u00bb|600|||||||\u00a0\u00bb button_use_icon=\u00a0\u00bboff\u00a0\u00bb custom_margin=\u00a0\u00bb-25px||\u00a0\u00bb][\/et_pb_button][\/et_pb_column][\/et_pb_row][\/et_pb_section][et_pb_section fb_built=\u00a0\u00bb1&Prime; _builder_version=\u00a0\u00bb3.19.1&Prime; background_image=\u00a0\u00bbhttps:\/\/www.paysagesurbains.fr\/wp-content\/uploads\/bas-de-page-gazon-modif.png\u00a0\u00bb custom_padding=\u00a0\u00bb54px|0px|0|0px|false|false\u00a0\u00bb][et_pb_row custom_padding=\u00a0\u00bb117px|0px|27px|0px|false|false\u00a0\u00bb _builder_version=\u00a0\u00bb3.17.6&Prime;][et_pb_column type=\u00a0\u00bb4_4&Prime; _builder_version=\u00a0\u00bb3.0.47&Prime; parallax=\u00a0\u00bboff\u00a0\u00bb parallax_method=\u00a0\u00bbon\u00a0\u00bb][et_pb_divider show_divider=\u00a0\u00bboff\u00a0\u00bb _builder_version=\u00a0\u00bb3.17.6&Prime;][\/et_pb_divider][\/et_pb_column][\/et_pb_row][\/et_pb_section][et_pb_section fb_built=\u00a0\u00bb1&Prime; _builder_version=\u00a0\u00bb3.17.6&Prime; background_color=\u00a0\u00bb#65ab24&Prime; custom_padding=\u00a0\u00bb0|0px|12px|0px|false|false\u00a0\u00bb global_module=\u00a0\u00bb176&Prime;][et_pb_row custom_padding=\u00a0\u00bb0|0px|0|0px|false|false\u00a0\u00bb _builder_version=\u00a0\u00bb3.17.6&Prime; background_color=\u00a0\u00bb#65ab24&Prime; background_size=\u00a0\u00bbinitial\u00a0\u00bb background_position=\u00a0\u00bbtop_left\u00a0\u00bb background_repeat=\u00a0\u00bbrepeat\u00a0\u00bb][et_pb_column type=\u00a0\u00bb1_2&Prime; _builder_version=\u00a0\u00bb3.0.47&Prime; parallax=\u00a0\u00bboff\u00a0\u00bb parallax_method=\u00a0\u00bbon\u00a0\u00bb][et_pb_text admin_label=\u00a0\u00bbCoordonn\u00e9es\u00a0\u00bb _builder_version=\u00a0\u00bb3.17.6&Prime; inline_fonts=\u00a0\u00bbstencil\u00a0\u00bb]<p><span style=\"font-family: stencil; font-weight: normal; font-size: xx-large; color: #f9f9f9;\"><strong><\/strong><\/span><\/p>\n<p><span style=\"font-family: stencil; font-weight: normal; font-size: xx-large; color: #f9f9f9;\"><strong>PAYSAGES URBAINS<\/strong><\/span><\/p>\n<p><span style=\"color: #ffffff; font-size: 16px;\"><\/span><\/p>\n<p><span style=\"color: #ffffff; font-size: 16px;\">contact@paysagesurbains.fr<\/span><\/p>\n<p><span style=\"color: #ffffff;\">07.68.28.68.45<\/span><\/p>\n<p><span style=\"color: #ffffff;\">Du lundi au samedi<\/span><\/p>\n<p><span style=\"color: #ffffff;\">Siret 820 011 260 00024<\/span><\/p>\n<p><a href=\"https:\/\/www.paysagesurbains.fr\/index.php\/mentions-legales\/\"><span style=\"color: #ffffff;\">Mentions l\u00e9gales<\/span><\/a><\/p>\n<p><a href=\"https:\/\/www.paysagesurbains.fr\/index.php\/politique-de-confidentialite\/\"><span style=\"color: #ffffff;\">Politiques de confidentialit\u00e9s<\/span><\/a><\/p>\n<p><span style=\"color: #ffffff;\">\u00a0<\/span><\/p>[\/et_pb_text][\/et_pb_column][et_pb_column type=\u00a0\u00bb1_2&Prime; _builder_version=\u00a0\u00bb3.0.47&Prime; parallax=\u00a0\u00bboff\u00a0\u00bb parallax_method=\u00a0\u00bbon\u00a0\u00bb][et_pb_contact_form email=\u00a0\u00bbcontact@paysagesurbains.fr\u00a0\u00bb title=\u00a0\u00bbContactez-nous\u00a0\u00bb success_message=\u00a0\u00bbMessage envoy\u00e9, nous vous r\u00e9pondrons dans les plus brefs d\u00e9lais.\u00a0\u00bb submit_button_text=\u00a0\u00bbEnvoyer\u00a0\u00bb form_background_color=\u00a0\u00bb#ffffff\u00a0\u00bb module_id=\u00a0\u00bbet_pb_contact_form_0&Prime; _builder_version=\u00a0\u00bb3.19.1&Prime; title_text_color=\u00a0\u00bb#ffffff\u00a0\u00bb title_font_size=\u00a0\u00bb19px\u00a0\u00bb form_field_font=\u00a0\u00bbsamsung imagination||||||||\u00a0\u00bb form_field_text_color=\u00a0\u00bb#818181&Prime; form_field_font_size=\u00a0\u00bb15px\u00a0\u00bb form_field_line_height=\u00a0\u00bb1.1em\u00a0\u00bb custom_button=\u00a0\u00bbon\u00a0\u00bb button_text_size=\u00a0\u00bb15px\u00a0\u00bb button_text_color=\u00a0\u00bb#ffffff\u00a0\u00bb button_font=\u00a0\u00bbsamsung imagination||||||||\u00a0\u00bb button_use_icon=\u00a0\u00bboff\u00a0\u00bb custom_margin=\u00a0\u00bb||\u00a0\u00bb][et_pb_contact_field field_id=\u00a0\u00bbName\u00a0\u00bb field_title=\u00a0\u00bbNom\u00a0\u00bb _builder_version=\u00a0\u00bb3.17.6&Prime; border_radii=\u00a0\u00bbon||||\u00a0\u00bb button_text_size__hover_enabled=\u00a0\u00bboff\u00a0\u00bb button_one_text_size__hover_enabled=\u00a0\u00bboff\u00a0\u00bb button_two_text_size__hover_enabled=\u00a0\u00bboff\u00a0\u00bb button_text_color__hover_enabled=\u00a0\u00bboff\u00a0\u00bb button_one_text_color__hover_enabled=\u00a0\u00bboff\u00a0\u00bb button_two_text_color__hover_enabled=\u00a0\u00bboff\u00a0\u00bb button_border_width__hover_enabled=\u00a0\u00bboff\u00a0\u00bb button_one_border_width__hover_enabled=\u00a0\u00bboff\u00a0\u00bb button_two_border_width__hover_enabled=\u00a0\u00bboff\u00a0\u00bb button_border_color__hover_enabled=\u00a0\u00bboff\u00a0\u00bb button_one_border_color__hover_enabled=\u00a0\u00bboff\u00a0\u00bb button_two_border_color__hover_enabled=\u00a0\u00bboff\u00a0\u00bb button_border_radius__hover_enabled=\u00a0\u00bboff\u00a0\u00bb button_one_border_radius__hover_enabled=\u00a0\u00bboff\u00a0\u00bb button_two_border_radius__hover_enabled=\u00a0\u00bboff\u00a0\u00bb button_letter_spacing__hover_enabled=\u00a0\u00bboff\u00a0\u00bb button_one_letter_spacing__hover_enabled=\u00a0\u00bboff\u00a0\u00bb button_two_letter_spacing__hover_enabled=\u00a0\u00bboff\u00a0\u00bb button_bg_color__hover_enabled=\u00a0\u00bboff\u00a0\u00bb button_one_bg_color__hover_enabled=\u00a0\u00bboff\u00a0\u00bb button_two_bg_color__hover_enabled=\u00a0\u00bboff\u00a0\u00bb][\/et_pb_contact_field][et_pb_contact_field field_id=\u00a0\u00bbEmail\u00a0\u00bb field_title=\u00a0\u00bbAdresse e-mail\u00a0\u00bb field_type=\u00a0\u00bbemail\u00a0\u00bb _builder_version=\u00a0\u00bb3.17.6&Prime; border_radii=\u00a0\u00bbon||||\u00a0\u00bb button_text_size__hover_enabled=\u00a0\u00bboff\u00a0\u00bb button_one_text_size__hover_enabled=\u00a0\u00bboff\u00a0\u00bb button_two_text_size__hover_enabled=\u00a0\u00bboff\u00a0\u00bb button_text_color__hover_enabled=\u00a0\u00bboff\u00a0\u00bb button_one_text_color__hover_enabled=\u00a0\u00bboff\u00a0\u00bb button_two_text_color__hover_enabled=\u00a0\u00bboff\u00a0\u00bb button_border_width__hover_enabled=\u00a0\u00bboff\u00a0\u00bb button_one_border_width__hover_enabled=\u00a0\u00bboff\u00a0\u00bb button_two_border_width__hover_enabled=\u00a0\u00bboff\u00a0\u00bb button_border_color__hover_enabled=\u00a0\u00bboff\u00a0\u00bb button_one_border_color__hover_enabled=\u00a0\u00bboff\u00a0\u00bb button_two_border_color__hover_enabled=\u00a0\u00bboff\u00a0\u00bb button_border_radius__hover_enabled=\u00a0\u00bboff\u00a0\u00bb button_one_border_radius__hover_enabled=\u00a0\u00bboff\u00a0\u00bb button_two_border_radius__hover_enabled=\u00a0\u00bboff\u00a0\u00bb button_letter_spacing__hover_enabled=\u00a0\u00bboff\u00a0\u00bb button_one_letter_spacing__hover_enabled=\u00a0\u00bboff\u00a0\u00bb button_two_letter_spacing__hover_enabled=\u00a0\u00bboff\u00a0\u00bb button_bg_color__hover_enabled=\u00a0\u00bboff\u00a0\u00bb button_one_bg_color__hover_enabled=\u00a0\u00bboff\u00a0\u00bb button_two_bg_color__hover_enabled=\u00a0\u00bboff\u00a0\u00bb][\/et_pb_contact_field][et_pb_contact_field field_id=\u00a0\u00bbMessage\u00a0\u00bb field_title=\u00a0\u00bbMessage\u00a0\u00bb field_type=\u00a0\u00bbtext\u00a0\u00bb fullwidth_field=\u00a0\u00bbon\u00a0\u00bb _builder_version=\u00a0\u00bb3.17.6&Prime; border_radii=\u00a0\u00bbon||||\u00a0\u00bb button_text_size__hover_enabled=\u00a0\u00bboff\u00a0\u00bb button_one_text_size__hover_enabled=\u00a0\u00bboff\u00a0\u00bb button_two_text_size__hover_enabled=\u00a0\u00bboff\u00a0\u00bb button_text_color__hover_enabled=\u00a0\u00bboff\u00a0\u00bb button_one_text_color__hover_enabled=\u00a0\u00bboff\u00a0\u00bb button_two_text_color__hover_enabled=\u00a0\u00bboff\u00a0\u00bb button_border_width__hover_enabled=\u00a0\u00bboff\u00a0\u00bb button_one_border_width__hover_enabled=\u00a0\u00bboff\u00a0\u00bb button_two_border_width__hover_enabled=\u00a0\u00bboff\u00a0\u00bb button_border_color__hover_enabled=\u00a0\u00bboff\u00a0\u00bb button_one_border_color__hover_enabled=\u00a0\u00bboff\u00a0\u00bb button_two_border_color__hover_enabled=\u00a0\u00bboff\u00a0\u00bb button_border_radius__hover_enabled=\u00a0\u00bboff\u00a0\u00bb button_one_border_radius__hover_enabled=\u00a0\u00bboff\u00a0\u00bb button_two_border_radius__hover_enabled=\u00a0\u00bboff\u00a0\u00bb button_letter_spacing__hover_enabled=\u00a0\u00bboff\u00a0\u00bb button_one_letter_spacing__hover_enabled=\u00a0\u00bboff\u00a0\u00bb button_two_letter_spacing__hover_enabled=\u00a0\u00bboff\u00a0\u00bb button_bg_color__hover_enabled=\u00a0\u00bboff\u00a0\u00bb button_one_bg_color__hover_enabled=\u00a0\u00bboff\u00a0\u00bb button_two_bg_color__hover_enabled=\u00a0\u00bboff\u00a0\u00bb][\/et_pb_contact_field][\/et_pb_contact_form][\/et_pb_column][\/et_pb_row][\/et_pb_section]\n","protected":false},"excerpt":{"rendered":"<p>Am\u00e9nagement Paysager PAYSAGES URBAINS\u00a0s&rsquo;occupe \u00e9galement de la cr\u00e9ation de\u00a0jardins. Nous sommes sp\u00e9cialis\u00e9s dans l&rsquo;am\u00e9nagement de jardins de tailles r\u00e9duites, de type urbain. Dans la mesure du possible, nous faisons des jardins de plus grandes tailles. Les services propos\u00e9s sont la\u00a0plantation,\u00a0l&rsquo;engazonnement, la r\u00e9alisation de\u00a0cheminement\u00a0(all\u00e9e, pas japonais&#8230;) et la pose de\u00a0bordures,\u00a0la mise en place de\u00a0murets en pierre [&hellip;]<\/p>\n","protected":false},"author":2,"featured_media":0,"parent":0,"menu_order":0,"comment_status":"closed","ping_status":"closed","template":"","meta":{"_et_pb_use_builder":"on","_et_pb_old_content":"","_et_gb_content_width":""},"yoast_head":"<!-- This site is optimized with the Yoast SEO plugin v21.1 - https:\/\/yoast.com\/wordpress\/plugins\/seo\/ -->\n<title>Am\u00e9nagement paysager - Paysages Urbains - Paysagiste - Jardinier - Lille<\/title>\n<meta name=\"description\" content=\"PAYSAGES URBAINS s&#039;occupe de l&#039;am\u00e9nagement paysager de jardin et d&#039;espaces verts, pour les particuliers et professionnels : plantation, engazonnement...\" \/>\n<meta name=\"robots\" content=\"index, follow, max-snippet:-1, max-image-preview:large, max-video-preview:-1\" \/>\n<link rel=\"canonical\" href=\"https:\/\/www.paysagesurbains.fr\/index.php\/amenagement-paysager\/\" \/>\n<meta property=\"og:locale\" content=\"fr_FR\" \/>\n<meta property=\"og:type\" content=\"article\" \/>\n<meta property=\"og:title\" content=\"Am\u00e9nagement paysager - Paysages Urbains - Paysagiste - Jardinier - Lille\" \/>\n<meta property=\"og:description\" content=\"PAYSAGES URBAINS s&#039;occupe de l&#039;am\u00e9nagement paysager de jardin et d&#039;espaces verts, pour les particuliers et professionnels : plantation, engazonnement...\" \/>\n<meta property=\"og:url\" content=\"https:\/\/www.paysagesurbains.fr\/index.php\/amenagement-paysager\/\" \/>\n<meta property=\"og:site_name\" content=\"Paysages Urbains\" \/>\n<meta property=\"article:publisher\" content=\"https:\/\/www.facebook.com\/PAYSAGESURBAINS\/\" \/>\n<meta property=\"article:modified_time\" content=\"2022-11-16T11:29:26+00:00\" \/>\n<meta name=\"twitter:card\" content=\"summary_large_image\" \/>\n<meta name=\"twitter:label1\" content=\"Dur\u00e9e de lecture estim\u00e9e\" \/>\n\t<meta name=\"twitter:data1\" content=\"2 minutes\" \/>\n<script type=\"application\/ld+json\" class=\"yoast-schema-graph\">{\"@context\":\"https:\/\/schema.org\",\"@graph\":[{\"@type\":\"WebPage\",\"@id\":\"https:\/\/www.paysagesurbains.fr\/index.php\/amenagement-paysager\/\",\"url\":\"https:\/\/www.paysagesurbains.fr\/index.php\/amenagement-paysager\/\",\"name\":\"Am\u00e9nagement paysager - Paysages Urbains - Paysagiste - Jardinier - Lille\",\"isPartOf\":{\"@id\":\"https:\/\/www.paysagesurbains.fr\/#website\"},\"datePublished\":\"2018-11-15T14:00:00+00:00\",\"dateModified\":\"2022-11-16T11:29:26+00:00\",\"description\":\"PAYSAGES URBAINS s'occupe de l'am\u00e9nagement paysager de jardin et d'espaces verts, pour les particuliers et professionnels : plantation, engazonnement...\",\"breadcrumb\":{\"@id\":\"https:\/\/www.paysagesurbains.fr\/index.php\/amenagement-paysager\/#breadcrumb\"},\"inLanguage\":\"fr-FR\",\"potentialAction\":[{\"@type\":\"ReadAction\",\"target\":[\"https:\/\/www.paysagesurbains.fr\/index.php\/amenagement-paysager\/\"]}]},{\"@type\":\"BreadcrumbList\",\"@id\":\"https:\/\/www.paysagesurbains.fr\/index.php\/amenagement-paysager\/#breadcrumb\",\"itemListElement\":[{\"@type\":\"ListItem\",\"position\":1,\"name\":\"Home\",\"item\":\"https:\/\/www.paysagesurbains.fr\/\"},{\"@type\":\"ListItem\",\"position\":2,\"name\":\"Am\u00e9nagement paysager\"}]},{\"@type\":\"WebSite\",\"@id\":\"https:\/\/www.paysagesurbains.fr\/#website\",\"url\":\"https:\/\/www.paysagesurbains.fr\/\",\"name\":\"Paysages Urbains\",\"description\":\"Donnez de la hauteur \u00e0 votre jardin\",\"publisher\":{\"@id\":\"https:\/\/www.paysagesurbains.fr\/#organization\"},\"potentialAction\":[{\"@type\":\"SearchAction\",\"target\":{\"@type\":\"EntryPoint\",\"urlTemplate\":\"https:\/\/www.paysagesurbains.fr\/?s={search_term_string}\"},\"query-input\":\"required name=search_term_string\"}],\"inLanguage\":\"fr-FR\"},{\"@type\":\"Organization\",\"@id\":\"https:\/\/www.paysagesurbains.fr\/#organization\",\"name\":\"Paysages Urbains\",\"url\":\"https:\/\/www.paysagesurbains.fr\/\",\"logo\":{\"@type\":\"ImageObject\",\"inLanguage\":\"fr-FR\",\"@id\":\"https:\/\/www.paysagesurbains.fr\/#\/schema\/logo\/image\/\",\"url\":\"https:\/\/www.paysagesurbains.fr\/wp-content\/uploads\/Paysages-urbains-paysagiste-lille.png\",\"contentUrl\":\"https:\/\/www.paysagesurbains.fr\/wp-content\/uploads\/Paysages-urbains-paysagiste-lille.png\",\"width\":1000,\"height\":882,\"caption\":\"Paysages Urbains\"},\"image\":{\"@id\":\"https:\/\/www.paysagesurbains.fr\/#\/schema\/logo\/image\/\"},\"sameAs\":[\"https:\/\/www.facebook.com\/PAYSAGESURBAINS\/\"]}]}<\/script>\n<!-- \/ Yoast SEO plugin. -->","yoast_head_json":{"title":"Am\u00e9nagement paysager - Paysages Urbains - Paysagiste - Jardinier - Lille","description":"PAYSAGES URBAINS s'occupe de l'am\u00e9nagement paysager de jardin et d'espaces verts, pour les particuliers et professionnels : plantation, engazonnement...","robots":{"index":"index","follow":"follow","max-snippet":"max-snippet:-1","max-image-preview":"max-image-preview:large","max-video-preview":"max-video-preview:-1"},"canonical":"https:\/\/www.paysagesurbains.fr\/index.php\/amenagement-paysager\/","og_locale":"fr_FR","og_type":"article","og_title":"Am\u00e9nagement paysager - Paysages Urbains - Paysagiste - Jardinier - Lille","og_description":"PAYSAGES URBAINS s'occupe de l'am\u00e9nagement paysager de jardin et d'espaces verts, pour les particuliers et professionnels : plantation, engazonnement...","og_url":"https:\/\/www.paysagesurbains.fr\/index.php\/amenagement-paysager\/","og_site_name":"Paysages Urbains","article_publisher":"https:\/\/www.facebook.com\/PAYSAGESURBAINS\/","article_modified_time":"2022-11-16T11:29:26+00:00","twitter_card":"summary_large_image","twitter_misc":{"Dur\u00e9e de lecture estim\u00e9e":"2 minutes"},"schema":{"@context":"https:\/\/schema.org","@graph":[{"@type":"WebPage","@id":"https:\/\/www.paysagesurbains.fr\/index.php\/amenagement-paysager\/","url":"https:\/\/www.paysagesurbains.fr\/index.php\/amenagement-paysager\/","name":"Am\u00e9nagement paysager - Paysages Urbains - Paysagiste - Jardinier - Lille","isPartOf":{"@id":"https:\/\/www.paysagesurbains.fr\/#website"},"datePublished":"2018-11-15T14:00:00+00:00","dateModified":"2022-11-16T11:29:26+00:00","description":"PAYSAGES URBAINS s'occupe de l'am\u00e9nagement paysager de jardin et d'espaces verts, pour les particuliers et professionnels : plantation, engazonnement...","breadcrumb":{"@id":"https:\/\/www.paysagesurbains.fr\/index.php\/amenagement-paysager\/#breadcrumb"},"inLanguage":"fr-FR","potentialAction":[{"@type":"ReadAction","target":["https:\/\/www.paysagesurbains.fr\/index.php\/amenagement-paysager\/"]}]},{"@type":"BreadcrumbList","@id":"https:\/\/www.paysagesurbains.fr\/index.php\/amenagement-paysager\/#breadcrumb","itemListElement":[{"@type":"ListItem","position":1,"name":"Home","item":"https:\/\/www.paysagesurbains.fr\/"},{"@type":"ListItem","position":2,"name":"Am\u00e9nagement paysager"}]},{"@type":"WebSite","@id":"https:\/\/www.paysagesurbains.fr\/#website","url":"https:\/\/www.paysagesurbains.fr\/","name":"Paysages Urbains","description":"Donnez de la hauteur \u00e0 votre jardin","publisher":{"@id":"https:\/\/www.paysagesurbains.fr\/#organization"},"potentialAction":[{"@type":"SearchAction","target":{"@type":"EntryPoint","urlTemplate":"https:\/\/www.paysagesurbains.fr\/?s={search_term_string}"},"query-input":"required name=search_term_string"}],"inLanguage":"fr-FR"},{"@type":"Organization","@id":"https:\/\/www.paysagesurbains.fr\/#organization","name":"Paysages Urbains","url":"https:\/\/www.paysagesurbains.fr\/","logo":{"@type":"ImageObject","inLanguage":"fr-FR","@id":"https:\/\/www.paysagesurbains.fr\/#\/schema\/logo\/image\/","url":"https:\/\/www.paysagesurbains.fr\/wp-content\/uploads\/Paysages-urbains-paysagiste-lille.png","contentUrl":"https:\/\/www.paysagesurbains.fr\/wp-content\/uploads\/Paysages-urbains-paysagiste-lille.png","width":1000,"height":882,"caption":"Paysages Urbains"},"image":{"@id":"https:\/\/www.paysagesurbains.fr\/#\/schema\/logo\/image\/"},"sameAs":["https:\/\/www.facebook.com\/PAYSAGESURBAINS\/"]}]}},"_links":{"self":[{"href":"https:\/\/www.paysagesurbains.fr\/index.php\/wp-json\/wp\/v2\/pages\/78"}],"collection":[{"href":"https:\/\/www.paysagesurbains.fr\/index.php\/wp-json\/wp\/v2\/pages"}],"about":[{"href":"https:\/\/www.paysagesurbains.fr\/index.php\/wp-json\/wp\/v2\/types\/page"}],"author":[{"embeddable":true,"href":"https:\/\/www.paysagesurbains.fr\/index.php\/wp-json\/wp\/v2\/users\/2"}],"replies":[{"embeddable":true,"href":"https:\/\/www.paysagesurbains.fr\/index.php\/wp-json\/wp\/v2\/comments?post=78"}],"version-history":[{"count":15,"href":"https:\/\/www.paysagesurbains.fr\/index.php\/wp-json\/wp\/v2\/pages\/78\/revisions"}],"predecessor-version":[{"id":759,"href":"https:\/\/www.paysagesurbains.fr\/index.php\/wp-json\/wp\/v2\/pages\/78\/revisions\/759"}],"wp:attachment":[{"href":"https:\/\/www.paysagesurbains.fr\/index.php\/wp-json\/wp\/v2\/media?parent=78"}],"curies":[{"name":"wp","href":"https:\/\/api.w.org\/{rel}","templated":true}]}}