{"id":86,"date":"2018-11-15T15:09:55","date_gmt":"2018-11-15T14:09:55","guid":{"rendered":"https:\/\/www.paysagesurbains.fr\/?page_id=86"},"modified":"2022-11-16T12:36:41","modified_gmt":"2022-11-16T11:36:41","slug":"entretien-de-jardin","status":"publish","type":"page","link":"https:\/\/www.paysagesurbains.fr\/index.php\/entretien-de-jardin\/","title":{"rendered":"Entretien de Jardin"},"content":{"rendered":"\n[et_pb_section fb_built=\u00a0\u00bb1&Prime; _builder_version=\u00a0\u00bb3.0.47&Prime; custom_padding=\u00a0\u00bb0|0|70px|0px|false|false\u00a0\u00bb][et_pb_row custom_padding=\u00a0\u00bb0|0px|0|0px|false|false\u00a0\u00bb _builder_version=\u00a0\u00bb3.19&Prime;][et_pb_column type=\u00a0\u00bb4_4&Prime; _builder_version=\u00a0\u00bb3.19&Prime; parallax=\u00a0\u00bboff\u00a0\u00bb parallax_method=\u00a0\u00bbon\u00a0\u00bb][et_pb_divider show_divider=\u00a0\u00bboff\u00a0\u00bb _builder_version=\u00a0\u00bb3.19&Prime;][\/et_pb_divider][\/et_pb_column][\/et_pb_row][et_pb_row custom_padding=\u00a0\u00bb0|0px|70px|0px|false|false\u00a0\u00bb _builder_version=\u00a0\u00bb3.19&Prime;][et_pb_column type=\u00a0\u00bb4_4&Prime; _builder_version=\u00a0\u00bb3.19&Prime; parallax=\u00a0\u00bboff\u00a0\u00bb parallax_method=\u00a0\u00bbon\u00a0\u00bb][et_pb_image src=\u00a0\u00bbhttps:\/\/www.paysagesurbains.fr\/wp-content\/uploads\/PAYSAGES-URBAINS-logo-modif.png\u00a0\u00bb admin_label=\u00a0\u00bbentete\u00a0\u00bb _builder_version=\u00a0\u00bb3.19&Prime;][\/et_pb_image][\/et_pb_column][\/et_pb_row][et_pb_row custom_padding=\u00a0\u00bb0|0px|0|0px|false|false\u00a0\u00bb _builder_version=\u00a0\u00bb3.0.48&Prime; background_size=\u00a0\u00bbinitial\u00a0\u00bb background_position=\u00a0\u00bbtop_left\u00a0\u00bb background_repeat=\u00a0\u00bbrepeat\u00a0\u00bb][et_pb_column type=\u00a0\u00bb4_4&Prime; _builder_version=\u00a0\u00bb3.0.47&Prime; parallax=\u00a0\u00bboff\u00a0\u00bb parallax_method=\u00a0\u00bbon\u00a0\u00bb][et_pb_text _builder_version=\u00a0\u00bb3.19.1&Prime; text_font=\u00a0\u00bbsamsung imagination||||||||\u00a0\u00bb header_font=\u00a0\u00bb||||||||\u00a0\u00bb header_2_font=\u00a0\u00bbsamsung imagination||||||||\u00a0\u00bb background_size=\u00a0\u00bbinitial\u00a0\u00bb background_position=\u00a0\u00bbtop_left\u00a0\u00bb background_repeat=\u00a0\u00bbrepeat\u00a0\u00bb]<h2><span style=\"text-decoration: underline; font-family: 'samsung imagination'; font-weight: normal;\">Entretien de jardin<\/span><\/h2>\n<p style=\"text-align: justify;\">Vous n&rsquo;avez pas la main verte, votre profession ne vous permet pas d&rsquo;entretenir votre jardin, ou vous ne pouvez plus vous occuper de ce dernier ? Ne vous inqui\u00e9tez pas, les professionnels s&rsquo;en chargent. Nous pouvons r\u00e9aliser, avec vous, votre forfait en fonction de vos moyens et en fonction de vos besoins.\u00a0<strong><span style=\"color: #65ab24;\">PAYSAGES URBAINS<\/span>\u00a0<\/strong>se charge de tout pour que vous puissiez profiter\u00a0pleinement de votre jardin, en toute qui\u00e9tude.<\/p>\n<p style=\"text-align: justify;\">Nous vous offrons la possibilit\u00e9 de nous occuper de la\u00a0<strong>taille<\/strong>\u00a0de v\u00e9g\u00e9taux ou de haie, de la\u00a0<strong>remise en \u00e9tat\u00a0<\/strong>de votre jardin ou terrasse, du nettoyage de massif\u00a0<strong>(d\u00e9sherbage, griffage, b\u00eachage, paillage&#8230;)\u00a0<\/strong>et de la\u00a0<strong>tonte\u00a0<\/strong>de gazon.<\/p>\n<p style=\"text-align: justify;\">A la suite d&rsquo;une premi\u00e8re rencontre pour d\u00e9finir vos besoins, nous pourrons \u00e9tablir ensuite un\u00a0<strong>contrat annuel\u00a0<\/strong>d&rsquo;entretien avec les fr\u00e9quences adapt\u00e9es. Un\u00a0<strong>contrat ponctuel\u00a0<\/strong>peut \u00e9galement \u00eatre effectu\u00e9, pour des travaux d&rsquo;entretien occasionnels ou pour les remises en \u00e9tat.<\/p>\n<p style=\"text-align: justify;\">\u200bNous vous offrons la possibilit\u00e9 d&rsquo;obtenir des avantages fiscaux, par le bais\u00a0<span style=\"text-decoration: underline; font-size: large;\"><span style=\"color: #65ab24;\"><strong>d&rsquo;une r\u00e9duction d&rsquo;imp\u00f4ts de 50%<\/strong><\/span><\/span>.<\/p>\n<p style=\"text-align: justify;\"><strong><span style=\"color: #65ab24;\">PAYSAGES URBAINS<\/span>\u00a0<\/strong>est l\u00e0 pour r\u00e9pondre \u00e0 vos attentes, et vous accompagner dans l&rsquo;entretien de votre jardin.<\/p>\n<p>&nbsp;<\/p>\n<p>&nbsp;<\/p>[\/et_pb_text][\/et_pb_column][\/et_pb_row][et_pb_row custom_padding=\u00a0\u00bb0|0px|0|0px|false|false\u00a0\u00bb _builder_version=\u00a0\u00bb3.0.48&Prime; background_size=\u00a0\u00bbinitial\u00a0\u00bb background_position=\u00a0\u00bbtop_left\u00a0\u00bb background_repeat=\u00a0\u00bbrepeat\u00a0\u00bb][et_pb_column type=\u00a0\u00bb1_5&Prime; _builder_version=\u00a0\u00bb3.0.47&Prime; parallax=\u00a0\u00bboff\u00a0\u00bb parallax_method=\u00a0\u00bbon\u00a0\u00bb][\/et_pb_column][et_pb_column type=\u00a0\u00bb3_5&Prime; _builder_version=\u00a0\u00bb3.0.47&Prime; parallax=\u00a0\u00bboff\u00a0\u00bb parallax_method=\u00a0\u00bbon\u00a0\u00bb][\/et_pb_column][et_pb_column type=\u00a0\u00bb1_5&Prime; _builder_version=\u00a0\u00bb3.0.47&Prime; parallax=\u00a0\u00bboff\u00a0\u00bb parallax_method=\u00a0\u00bbon\u00a0\u00bb][et_pb_button button_url=\u00a0\u00bbhttps:\/\/www.paysagesurbains.fr\/index.php\/devis\/?et_fb=1&Prime; button_text=\u00a0\u00bbDemande de devis\u00a0\u00bb button_alignment=\u00a0\u00bbcenter\u00a0\u00bb _builder_version=\u00a0\u00bb3.19&Prime; custom_button=\u00a0\u00bbon\u00a0\u00bb button_text_size=\u00a0\u00bb15px\u00a0\u00bb button_text_color=\u00a0\u00bb#FFFFFF\u00a0\u00bb button_bg_color=\u00a0\u00bb#65ab24&Prime; button_border_width=\u00a0\u00bb0px\u00a0\u00bb button_border_radius=\u00a0\u00bb0px\u00a0\u00bb button_letter_spacing=\u00a0\u00bb0px\u00a0\u00bb button_font=\u00a0\u00bb|600|||||||\u00a0\u00bb button_use_icon=\u00a0\u00bboff\u00a0\u00bb custom_margin=\u00a0\u00bb-37px||\u00a0\u00bb][\/et_pb_button][\/et_pb_column][\/et_pb_row][\/et_pb_section][et_pb_section fb_built=\u00a0\u00bb1&Prime; admin_label=\u00a0\u00bbSection\u00a0\u00bb _builder_version=\u00a0\u00bb3.19.1&Prime; background_image=\u00a0\u00bbhttps:\/\/www.paysagesurbains.fr\/wp-content\/uploads\/bas-de-page-gazon-modif.png\u00a0\u00bb custom_padding=\u00a0\u00bb104px|0px|54px|0px|false|false\u00a0\u00bb][et_pb_row _builder_version=\u00a0\u00bb3.17.6&Prime;][et_pb_column type=\u00a0\u00bb4_4&Prime; _builder_version=\u00a0\u00bb3.0.47&Prime; parallax=\u00a0\u00bboff\u00a0\u00bb parallax_method=\u00a0\u00bbon\u00a0\u00bb][et_pb_divider show_divider=\u00a0\u00bboff\u00a0\u00bb _builder_version=\u00a0\u00bb3.17.6&Prime;][\/et_pb_divider][\/et_pb_column][\/et_pb_row][\/et_pb_section][et_pb_section fb_built=\u00a0\u00bb1&Prime; _builder_version=\u00a0\u00bb3.17.6&Prime; background_color=\u00a0\u00bb#65ab24&Prime; custom_padding=\u00a0\u00bb0|0px|10px|0px|false|false\u00a0\u00bb global_module=\u00a0\u00bb176&Prime;][et_pb_row custom_padding=\u00a0\u00bb0|0px|0|0px|false|false\u00a0\u00bb _builder_version=\u00a0\u00bb3.17.6&Prime; background_color=\u00a0\u00bb#65ab24&Prime; background_size=\u00a0\u00bbinitial\u00a0\u00bb background_position=\u00a0\u00bbtop_left\u00a0\u00bb background_repeat=\u00a0\u00bbrepeat\u00a0\u00bb][et_pb_column type=\u00a0\u00bb1_2&Prime; _builder_version=\u00a0\u00bb3.0.47&Prime; parallax=\u00a0\u00bboff\u00a0\u00bb parallax_method=\u00a0\u00bbon\u00a0\u00bb][et_pb_text admin_label=\u00a0\u00bbCoordonn\u00e9es\u00a0\u00bb _builder_version=\u00a0\u00bb3.17.6&Prime; inline_fonts=\u00a0\u00bbstencil\u00a0\u00bb]<p><span style=\"font-family: stencil; font-weight: normal; font-size: xx-large; color: #f9f9f9;\"><strong><\/strong><\/span><\/p>\n<p><span style=\"font-family: stencil; font-weight: normal; font-size: xx-large; color: #f9f9f9;\"><strong>PAYSAGES URBAINS<\/strong><\/span><\/p>\n<p><span style=\"color: #ffffff; font-size: 16px;\"><\/span><\/p>\n<p><span style=\"color: #ffffff; font-size: 16px;\">contact@paysagesurbains.fr<\/span><\/p>\n<p><span style=\"color: #ffffff;\">07.68.28.68.45<\/span><\/p>\n<p><span style=\"color: #ffffff;\">Du lundi au samedi<\/span><\/p>\n<p><span style=\"color: #ffffff;\">Siret 820 011 260 00024<\/span><\/p>\n<p><a href=\"https:\/\/www.paysagesurbains.fr\/index.php\/mentions-legales\/\"><span style=\"color: #ffffff;\">Mentions l\u00e9gales<\/span><\/a><\/p>\n<p><a href=\"https:\/\/www.paysagesurbains.fr\/index.php\/politique-de-confidentialite\/\"><span style=\"color: #ffffff;\">Politiques de confidentialit\u00e9s<\/span><\/a><\/p>\n<p><span style=\"color: #ffffff;\">\u00a0<\/span><\/p>[\/et_pb_text][\/et_pb_column][et_pb_column type=\u00a0\u00bb1_2&Prime; _builder_version=\u00a0\u00bb3.0.47&Prime; parallax=\u00a0\u00bboff\u00a0\u00bb parallax_method=\u00a0\u00bbon\u00a0\u00bb][et_pb_contact_form email=\u00a0\u00bbcontact@paysagesurbains.fr\u00a0\u00bb title=\u00a0\u00bbContactez-nous\u00a0\u00bb success_message=\u00a0\u00bbMessage envoy\u00e9, nous vous r\u00e9pondrons dans les plus brefs d\u00e9lais.\u00a0\u00bb submit_button_text=\u00a0\u00bbEnvoyer\u00a0\u00bb form_background_color=\u00a0\u00bb#ffffff\u00a0\u00bb module_id=\u00a0\u00bbet_pb_contact_form_0&Prime; _builder_version=\u00a0\u00bb3.19.3&Prime; title_text_color=\u00a0\u00bb#ffffff\u00a0\u00bb title_font_size=\u00a0\u00bb19px\u00a0\u00bb form_field_font=\u00a0\u00bbsamsung imagination||||||||\u00a0\u00bb form_field_text_color=\u00a0\u00bb#818181&Prime; form_field_font_size=\u00a0\u00bb15px\u00a0\u00bb form_field_line_height=\u00a0\u00bb1.1em\u00a0\u00bb custom_button=\u00a0\u00bbon\u00a0\u00bb button_text_size=\u00a0\u00bb15px\u00a0\u00bb button_text_color=\u00a0\u00bb#ffffff\u00a0\u00bb button_font=\u00a0\u00bbsamsung imagination||||||||\u00a0\u00bb button_use_icon=\u00a0\u00bboff\u00a0\u00bb custom_margin=\u00a0\u00bb||\u00a0\u00bb][et_pb_contact_field field_id=\u00a0\u00bbName\u00a0\u00bb field_title=\u00a0\u00bbNom\u00a0\u00bb _builder_version=\u00a0\u00bb3.17.6&Prime; border_radii=\u00a0\u00bbon||||\u00a0\u00bb button_text_size__hover_enabled=\u00a0\u00bboff\u00a0\u00bb button_one_text_size__hover_enabled=\u00a0\u00bboff\u00a0\u00bb button_two_text_size__hover_enabled=\u00a0\u00bboff\u00a0\u00bb button_text_color__hover_enabled=\u00a0\u00bboff\u00a0\u00bb button_one_text_color__hover_enabled=\u00a0\u00bboff\u00a0\u00bb button_two_text_color__hover_enabled=\u00a0\u00bboff\u00a0\u00bb button_border_width__hover_enabled=\u00a0\u00bboff\u00a0\u00bb button_one_border_width__hover_enabled=\u00a0\u00bboff\u00a0\u00bb button_two_border_width__hover_enabled=\u00a0\u00bboff\u00a0\u00bb button_border_color__hover_enabled=\u00a0\u00bboff\u00a0\u00bb button_one_border_color__hover_enabled=\u00a0\u00bboff\u00a0\u00bb button_two_border_color__hover_enabled=\u00a0\u00bboff\u00a0\u00bb button_border_radius__hover_enabled=\u00a0\u00bboff\u00a0\u00bb button_one_border_radius__hover_enabled=\u00a0\u00bboff\u00a0\u00bb button_two_border_radius__hover_enabled=\u00a0\u00bboff\u00a0\u00bb button_letter_spacing__hover_enabled=\u00a0\u00bboff\u00a0\u00bb button_one_letter_spacing__hover_enabled=\u00a0\u00bboff\u00a0\u00bb button_two_letter_spacing__hover_enabled=\u00a0\u00bboff\u00a0\u00bb button_bg_color__hover_enabled=\u00a0\u00bboff\u00a0\u00bb button_one_bg_color__hover_enabled=\u00a0\u00bboff\u00a0\u00bb button_two_bg_color__hover_enabled=\u00a0\u00bboff\u00a0\u00bb][\/et_pb_contact_field][et_pb_contact_field field_id=\u00a0\u00bbEmail\u00a0\u00bb field_title=\u00a0\u00bbAdresse e-mail\u00a0\u00bb field_type=\u00a0\u00bbemail\u00a0\u00bb _builder_version=\u00a0\u00bb3.17.6&Prime; border_radii=\u00a0\u00bbon||||\u00a0\u00bb button_text_size__hover_enabled=\u00a0\u00bboff\u00a0\u00bb button_one_text_size__hover_enabled=\u00a0\u00bboff\u00a0\u00bb button_two_text_size__hover_enabled=\u00a0\u00bboff\u00a0\u00bb button_text_color__hover_enabled=\u00a0\u00bboff\u00a0\u00bb button_one_text_color__hover_enabled=\u00a0\u00bboff\u00a0\u00bb button_two_text_color__hover_enabled=\u00a0\u00bboff\u00a0\u00bb button_border_width__hover_enabled=\u00a0\u00bboff\u00a0\u00bb button_one_border_width__hover_enabled=\u00a0\u00bboff\u00a0\u00bb button_two_border_width__hover_enabled=\u00a0\u00bboff\u00a0\u00bb button_border_color__hover_enabled=\u00a0\u00bboff\u00a0\u00bb button_one_border_color__hover_enabled=\u00a0\u00bboff\u00a0\u00bb button_two_border_color__hover_enabled=\u00a0\u00bboff\u00a0\u00bb button_border_radius__hover_enabled=\u00a0\u00bboff\u00a0\u00bb button_one_border_radius__hover_enabled=\u00a0\u00bboff\u00a0\u00bb button_two_border_radius__hover_enabled=\u00a0\u00bboff\u00a0\u00bb button_letter_spacing__hover_enabled=\u00a0\u00bboff\u00a0\u00bb button_one_letter_spacing__hover_enabled=\u00a0\u00bboff\u00a0\u00bb button_two_letter_spacing__hover_enabled=\u00a0\u00bboff\u00a0\u00bb button_bg_color__hover_enabled=\u00a0\u00bboff\u00a0\u00bb button_one_bg_color__hover_enabled=\u00a0\u00bboff\u00a0\u00bb button_two_bg_color__hover_enabled=\u00a0\u00bboff\u00a0\u00bb][\/et_pb_contact_field][et_pb_contact_field field_id=\u00a0\u00bbMessage\u00a0\u00bb field_title=\u00a0\u00bbMessage\u00a0\u00bb field_type=\u00a0\u00bbtext\u00a0\u00bb fullwidth_field=\u00a0\u00bbon\u00a0\u00bb _builder_version=\u00a0\u00bb3.17.6&Prime; border_radii=\u00a0\u00bbon||||\u00a0\u00bb button_text_size__hover_enabled=\u00a0\u00bboff\u00a0\u00bb button_one_text_size__hover_enabled=\u00a0\u00bboff\u00a0\u00bb button_two_text_size__hover_enabled=\u00a0\u00bboff\u00a0\u00bb button_text_color__hover_enabled=\u00a0\u00bboff\u00a0\u00bb button_one_text_color__hover_enabled=\u00a0\u00bboff\u00a0\u00bb button_two_text_color__hover_enabled=\u00a0\u00bboff\u00a0\u00bb button_border_width__hover_enabled=\u00a0\u00bboff\u00a0\u00bb button_one_border_width__hover_enabled=\u00a0\u00bboff\u00a0\u00bb button_two_border_width__hover_enabled=\u00a0\u00bboff\u00a0\u00bb button_border_color__hover_enabled=\u00a0\u00bboff\u00a0\u00bb button_one_border_color__hover_enabled=\u00a0\u00bboff\u00a0\u00bb button_two_border_color__hover_enabled=\u00a0\u00bboff\u00a0\u00bb button_border_radius__hover_enabled=\u00a0\u00bboff\u00a0\u00bb button_one_border_radius__hover_enabled=\u00a0\u00bboff\u00a0\u00bb button_two_border_radius__hover_enabled=\u00a0\u00bboff\u00a0\u00bb button_letter_spacing__hover_enabled=\u00a0\u00bboff\u00a0\u00bb button_one_letter_spacing__hover_enabled=\u00a0\u00bboff\u00a0\u00bb button_two_letter_spacing__hover_enabled=\u00a0\u00bboff\u00a0\u00bb button_bg_color__hover_enabled=\u00a0\u00bboff\u00a0\u00bb button_one_bg_color__hover_enabled=\u00a0\u00bboff\u00a0\u00bb button_two_bg_color__hover_enabled=\u00a0\u00bboff\u00a0\u00bb][\/et_pb_contact_field][\/et_pb_contact_form][\/et_pb_column][\/et_pb_row][\/et_pb_section]\n","protected":false},"excerpt":{"rendered":"<p>Entretien de jardin Vous n&rsquo;avez pas la main verte, votre profession ne vous permet pas d&rsquo;entretenir votre jardin, ou vous ne pouvez plus vous occuper de ce dernier ? Ne vous inqui\u00e9tez pas, les professionnels s&rsquo;en chargent. Nous pouvons r\u00e9aliser, avec vous, votre forfait en fonction de vos moyens et en fonction de vos besoins.\u00a0PAYSAGES [&hellip;]<\/p>\n","protected":false},"author":2,"featured_media":0,"parent":0,"menu_order":0,"comment_status":"closed","ping_status":"closed","template":"","meta":{"_et_pb_use_builder":"on","_et_pb_old_content":"","_et_gb_content_width":""},"yoast_head":"<!-- This site is optimized with the Yoast SEO plugin v21.1 - https:\/\/yoast.com\/wordpress\/plugins\/seo\/ -->\n<title>Entretien de Jardin - Paysages Urbains - Paysagiste - Jardinier - Lille<\/title>\n<meta name=\"description\" content=\"Nous proposons l&#039;entretien de votre jardin ou de vos espaces verts : tonte, taille, d\u00e9sherbage, entretien de massif, paillage, b\u00e9chage...\" \/>\n<meta name=\"robots\" content=\"index, follow, max-snippet:-1, max-image-preview:large, max-video-preview:-1\" \/>\n<link rel=\"canonical\" href=\"https:\/\/www.paysagesurbains.fr\/index.php\/entretien-de-jardin\/\" \/>\n<meta property=\"og:locale\" content=\"fr_FR\" \/>\n<meta property=\"og:type\" content=\"article\" \/>\n<meta property=\"og:title\" content=\"Entretien de Jardin - Paysages Urbains - Paysagiste - Jardinier - Lille\" \/>\n<meta property=\"og:description\" content=\"Nous proposons l&#039;entretien de votre jardin ou de vos espaces verts : tonte, taille, d\u00e9sherbage, entretien de massif, paillage, b\u00e9chage...\" \/>\n<meta property=\"og:url\" content=\"https:\/\/www.paysagesurbains.fr\/index.php\/entretien-de-jardin\/\" \/>\n<meta property=\"og:site_name\" content=\"Paysages Urbains\" \/>\n<meta property=\"article:publisher\" content=\"https:\/\/www.facebook.com\/PAYSAGESURBAINS\/\" \/>\n<meta property=\"article:modified_time\" content=\"2022-11-16T11:36:41+00:00\" \/>\n<meta name=\"twitter:card\" content=\"summary_large_image\" \/>\n<meta name=\"twitter:label1\" content=\"Dur\u00e9e de lecture estim\u00e9e\" \/>\n\t<meta name=\"twitter:data1\" content=\"3 minutes\" \/>\n<script type=\"application\/ld+json\" class=\"yoast-schema-graph\">{\"@context\":\"https:\/\/schema.org\",\"@graph\":[{\"@type\":\"WebPage\",\"@id\":\"https:\/\/www.paysagesurbains.fr\/index.php\/entretien-de-jardin\/\",\"url\":\"https:\/\/www.paysagesurbains.fr\/index.php\/entretien-de-jardin\/\",\"name\":\"Entretien de Jardin - Paysages Urbains - Paysagiste - Jardinier - Lille\",\"isPartOf\":{\"@id\":\"https:\/\/www.paysagesurbains.fr\/#website\"},\"datePublished\":\"2018-11-15T14:09:55+00:00\",\"dateModified\":\"2022-11-16T11:36:41+00:00\",\"description\":\"Nous proposons l'entretien de votre jardin ou de vos espaces verts : tonte, taille, d\u00e9sherbage, entretien de massif, paillage, b\u00e9chage...\",\"breadcrumb\":{\"@id\":\"https:\/\/www.paysagesurbains.fr\/index.php\/entretien-de-jardin\/#breadcrumb\"},\"inLanguage\":\"fr-FR\",\"potentialAction\":[{\"@type\":\"ReadAction\",\"target\":[\"https:\/\/www.paysagesurbains.fr\/index.php\/entretien-de-jardin\/\"]}]},{\"@type\":\"BreadcrumbList\",\"@id\":\"https:\/\/www.paysagesurbains.fr\/index.php\/entretien-de-jardin\/#breadcrumb\",\"itemListElement\":[{\"@type\":\"ListItem\",\"position\":1,\"name\":\"Home\",\"item\":\"https:\/\/www.paysagesurbains.fr\/\"},{\"@type\":\"ListItem\",\"position\":2,\"name\":\"Entretien de Jardin\"}]},{\"@type\":\"WebSite\",\"@id\":\"https:\/\/www.paysagesurbains.fr\/#website\",\"url\":\"https:\/\/www.paysagesurbains.fr\/\",\"name\":\"Paysages Urbains\",\"description\":\"Donnez de la hauteur \u00e0 votre jardin\",\"publisher\":{\"@id\":\"https:\/\/www.paysagesurbains.fr\/#organization\"},\"potentialAction\":[{\"@type\":\"SearchAction\",\"target\":{\"@type\":\"EntryPoint\",\"urlTemplate\":\"https:\/\/www.paysagesurbains.fr\/?s={search_term_string}\"},\"query-input\":\"required name=search_term_string\"}],\"inLanguage\":\"fr-FR\"},{\"@type\":\"Organization\",\"@id\":\"https:\/\/www.paysagesurbains.fr\/#organization\",\"name\":\"Paysages Urbains\",\"url\":\"https:\/\/www.paysagesurbains.fr\/\",\"logo\":{\"@type\":\"ImageObject\",\"inLanguage\":\"fr-FR\",\"@id\":\"https:\/\/www.paysagesurbains.fr\/#\/schema\/logo\/image\/\",\"url\":\"https:\/\/www.paysagesurbains.fr\/wp-content\/uploads\/Paysages-urbains-paysagiste-lille.png\",\"contentUrl\":\"https:\/\/www.paysagesurbains.fr\/wp-content\/uploads\/Paysages-urbains-paysagiste-lille.png\",\"width\":1000,\"height\":882,\"caption\":\"Paysages Urbains\"},\"image\":{\"@id\":\"https:\/\/www.paysagesurbains.fr\/#\/schema\/logo\/image\/\"},\"sameAs\":[\"https:\/\/www.facebook.com\/PAYSAGESURBAINS\/\"]}]}<\/script>\n<!-- \/ Yoast SEO plugin. -->","yoast_head_json":{"title":"Entretien de Jardin - Paysages Urbains - Paysagiste - Jardinier - Lille","description":"Nous proposons l'entretien de votre jardin ou de vos espaces verts : tonte, taille, d\u00e9sherbage, entretien de massif, paillage, b\u00e9chage...","robots":{"index":"index","follow":"follow","max-snippet":"max-snippet:-1","max-image-preview":"max-image-preview:large","max-video-preview":"max-video-preview:-1"},"canonical":"https:\/\/www.paysagesurbains.fr\/index.php\/entretien-de-jardin\/","og_locale":"fr_FR","og_type":"article","og_title":"Entretien de Jardin - Paysages Urbains - Paysagiste - Jardinier - Lille","og_description":"Nous proposons l'entretien de votre jardin ou de vos espaces verts : tonte, taille, d\u00e9sherbage, entretien de massif, paillage, b\u00e9chage...","og_url":"https:\/\/www.paysagesurbains.fr\/index.php\/entretien-de-jardin\/","og_site_name":"Paysages Urbains","article_publisher":"https:\/\/www.facebook.com\/PAYSAGESURBAINS\/","article_modified_time":"2022-11-16T11:36:41+00:00","twitter_card":"summary_large_image","twitter_misc":{"Dur\u00e9e de lecture estim\u00e9e":"3 minutes"},"schema":{"@context":"https:\/\/schema.org","@graph":[{"@type":"WebPage","@id":"https:\/\/www.paysagesurbains.fr\/index.php\/entretien-de-jardin\/","url":"https:\/\/www.paysagesurbains.fr\/index.php\/entretien-de-jardin\/","name":"Entretien de Jardin - Paysages Urbains - Paysagiste - Jardinier - Lille","isPartOf":{"@id":"https:\/\/www.paysagesurbains.fr\/#website"},"datePublished":"2018-11-15T14:09:55+00:00","dateModified":"2022-11-16T11:36:41+00:00","description":"Nous proposons l'entretien de votre jardin ou de vos espaces verts : tonte, taille, d\u00e9sherbage, entretien de massif, paillage, b\u00e9chage...","breadcrumb":{"@id":"https:\/\/www.paysagesurbains.fr\/index.php\/entretien-de-jardin\/#breadcrumb"},"inLanguage":"fr-FR","potentialAction":[{"@type":"ReadAction","target":["https:\/\/www.paysagesurbains.fr\/index.php\/entretien-de-jardin\/"]}]},{"@type":"BreadcrumbList","@id":"https:\/\/www.paysagesurbains.fr\/index.php\/entretien-de-jardin\/#breadcrumb","itemListElement":[{"@type":"ListItem","position":1,"name":"Home","item":"https:\/\/www.paysagesurbains.fr\/"},{"@type":"ListItem","position":2,"name":"Entretien de Jardin"}]},{"@type":"WebSite","@id":"https:\/\/www.paysagesurbains.fr\/#website","url":"https:\/\/www.paysagesurbains.fr\/","name":"Paysages Urbains","description":"Donnez de la hauteur \u00e0 votre jardin","publisher":{"@id":"https:\/\/www.paysagesurbains.fr\/#organization"},"potentialAction":[{"@type":"SearchAction","target":{"@type":"EntryPoint","urlTemplate":"https:\/\/www.paysagesurbains.fr\/?s={search_term_string}"},"query-input":"required name=search_term_string"}],"inLanguage":"fr-FR"},{"@type":"Organization","@id":"https:\/\/www.paysagesurbains.fr\/#organization","name":"Paysages Urbains","url":"https:\/\/www.paysagesurbains.fr\/","logo":{"@type":"ImageObject","inLanguage":"fr-FR","@id":"https:\/\/www.paysagesurbains.fr\/#\/schema\/logo\/image\/","url":"https:\/\/www.paysagesurbains.fr\/wp-content\/uploads\/Paysages-urbains-paysagiste-lille.png","contentUrl":"https:\/\/www.paysagesurbains.fr\/wp-content\/uploads\/Paysages-urbains-paysagiste-lille.png","width":1000,"height":882,"caption":"Paysages Urbains"},"image":{"@id":"https:\/\/www.paysagesurbains.fr\/#\/schema\/logo\/image\/"},"sameAs":["https:\/\/www.facebook.com\/PAYSAGESURBAINS\/"]}]}},"_links":{"self":[{"href":"https:\/\/www.paysagesurbains.fr\/index.php\/wp-json\/wp\/v2\/pages\/86"}],"collection":[{"href":"https:\/\/www.paysagesurbains.fr\/index.php\/wp-json\/wp\/v2\/pages"}],"about":[{"href":"https:\/\/www.paysagesurbains.fr\/index.php\/wp-json\/wp\/v2\/types\/page"}],"author":[{"embeddable":true,"href":"https:\/\/www.paysagesurbains.fr\/index.php\/wp-json\/wp\/v2\/users\/2"}],"replies":[{"embeddable":true,"href":"https:\/\/www.paysagesurbains.fr\/index.php\/wp-json\/wp\/v2\/comments?post=86"}],"version-history":[{"count":19,"href":"https:\/\/www.paysagesurbains.fr\/index.php\/wp-json\/wp\/v2\/pages\/86\/revisions"}],"predecessor-version":[{"id":761,"href":"https:\/\/www.paysagesurbains.fr\/index.php\/wp-json\/wp\/v2\/pages\/86\/revisions\/761"}],"wp:attachment":[{"href":"https:\/\/www.paysagesurbains.fr\/index.php\/wp-json\/wp\/v2\/media?parent=86"}],"curies":[{"name":"wp","href":"https:\/\/api.w.org\/{rel}","templated":true}]}}